{"id":2,"date":"2026-01-20T15:09:36","date_gmt":"2026-01-20T15:09:36","guid":{"rendered":"http:\/\/gambais-autrement.com\/?page_id=2"},"modified":"2026-04-29T07:02:25","modified_gmt":"2026-04-29T06:02:25","slug":"sample-page","status":"publish","type":"page","link":"https:\/\/gambais-autrement.com\/","title":{"rendered":"Accueil"},"content":{"rendered":"\n<p>Bienvenue sur le site du collectif Gambais Autrement qui \u0153uvre pour l&rsquo;am\u00e9lioration de la qualit\u00e9 de vie \u00e0 Gambais.<\/p>\n\n\n\n<p>En attendant la publication de propositions concr\u00e8tes et d&rsquo;actions sur le terrain nous partageons avec vous les comptes-rendus des 2 derniers conseils municipaux.<\/p>\n\n\n\n<div class=\"wp-block-columns is-layout-flex wp-container-core-columns-is-layout-28f84493 wp-block-columns-is-layout-flex\">\n<div class=\"wp-block-column is-layout-flow wp-block-column-is-layout-flow\"><\/div>\n\n\n\n<div class=\"wp-block-column is-layout-flow wp-block-column-is-layout-flow\"><\/div>\n<\/div>\n\n\n\n<figure class=\"wp-block-table\"><table class=\"has-fixed-layout\"><tbody><tr><td>Date du conseil municipal &#8211; <\/td><td>Comptes-rendus et commentaires<\/td><\/tr><tr><td>23 avril 2024 &#8211; Budget 2026<\/td><td><a href=\"https:\/\/gambais-autrement.com\/index.php\/2026\/04\/28\/compte-rendu-du-conseil-municipal-du-23-avril-budget-2026\/\" data-type=\"post\" data-id=\"453\">Compte-rendu<\/a><br><a href=\"https:\/\/gambais-autrement.com\/index.php\/2026\/04\/28\/commentaires-libres-sur-le-budget-2026\/\" data-type=\"post\" data-id=\"456\">Commentaires et r\u00e9flexions<\/a><\/td><\/tr><tr><td>27 mars 2026 &#8211; Indemnit\u00e9s, nominations<\/td><td><a href=\"https:\/\/gambais-autrement.com\/index.php\/2026\/04\/09\/compte-rendu-conseil-municipal-du-27-mars-2026\/\" data-type=\"post\" data-id=\"447\">Compte-rendu et commentaires<\/a><\/td><\/tr><tr><td>20 mars 2026 &#8211; Installation. Election du maire et des adjoints<\/td><td><a href=\"https:\/\/gambais-autrement.com\/index.php\/2026\/04\/09\/compte-rendu-conseil-municipal-dinstallation-20-mars-2026\/\" data-type=\"post\" data-id=\"444\">Compte-rendu et commentaires<\/a><\/td><\/tr><\/tbody><\/table><\/figure>\n\n\n\n<p><\/p>\n\n\n\n<p><\/p>\n\n\n\n<p><\/p>\n","protected":false},"excerpt":{"rendered":"<p>Bienvenue sur le site du collectif Gambais Autrement qui \u0153uvre pour l&rsquo;am\u00e9lioration de la qualit\u00e9 de vie \u00e0 Gambais. En attendant la publication de propositions concr\u00e8tes et d&rsquo;actions sur le terrain nous partageons avec vous les comptes-rendus des 2 derniers conseils municipaux. Date du conseil municipal &#8211; Comptes-rendus et commentaires 23 avril 2024 &#8211; Budget [&hellip;]<\/p>\n","protected":false},"author":1,"featured_media":0,"parent":0,"menu_order":0,"comment_status":"closed","ping_status":"open","template":"","meta":{"footnotes":""},"class_list":["post-2","page","type-page","status-publish","hentry"],"_links":{"self":[{"href":"https:\/\/gambais-autrement.com\/index.php\/wp-json\/wp\/v2\/pages\/2","targetHints":{"allow":["GET"]}}],"collection":[{"href":"https:\/\/gambais-autrement.com\/index.php\/wp-json\/wp\/v2\/pages"}],"about":[{"href":"https:\/\/gambais-autrement.com\/index.php\/wp-json\/wp\/v2\/types\/page"}],"author":[{"embeddable":true,"href":"https:\/\/gambais-autrement.com\/index.php\/wp-json\/wp\/v2\/users\/1"}],"replies":[{"embeddable":true,"href":"https:\/\/gambais-autrement.com\/index.php\/wp-json\/wp\/v2\/comments?post=2"}],"version-history":[{"count":23,"href":"https:\/\/gambais-autrement.com\/index.php\/wp-json\/wp\/v2\/pages\/2\/revisions"}],"predecessor-version":[{"id":465,"href":"https:\/\/gambais-autrement.com\/index.php\/wp-json\/wp\/v2\/pages\/2\/revisions\/465"}],"wp:attachment":[{"href":"https:\/\/gambais-autrement.com\/index.php\/wp-json\/wp\/v2\/media?parent=2"}],"curies":[{"name":"wp","href":"https:\/\/api.w.org\/{rel}","templated":true}]}}